{"id":18,"date":"2021-03-03T14:43:37","date_gmt":"2021-03-03T14:43:37","guid":{"rendered":"https:\/\/huoltotukku.sahkopyorakeskus.fi\/index.php\/membership-join\/membership-registration\/"},"modified":"2021-03-03T14:43:37","modified_gmt":"2021-03-03T14:43:37","slug":"membership-registration","status":"publish","type":"page","link":"https:\/\/huoltotukku.sahkopyorakeskus.fi\/index.php\/membership-join\/membership-registration\/","title":{"rendered":"Rekister\u00f6inti"},"content":{"rendered":"<p>Free membership is disabled on this site. Please make a payment from the <a href=\"https:\/\/huoltotukku.sahkopyorakeskus.fi\/index.php\/membership-join\/\">Luo tunnukset t\u00e4\u00e4ll\u00e4<\/a> page to pay for a premium membership.<\/p><p>Saat yksil\u00f6llisen linkin s\u00e4hk\u00f6postiin maksun j\u00e4lkeen. Linkin avulla voit suorittaa loppuun Premium-j\u00e4senyyden rekister\u00f6innin. <\/p>\n","protected":false},"excerpt":{"rendered":"","protected":false},"author":1,"featured_media":0,"parent":17,"menu_order":0,"comment_status":"closed","ping_status":"closed","template":"","meta":{"footnotes":""},"class_list":["post-18","page","type-page","status-publish","hentry"],"_links":{"self":[{"href":"https:\/\/huoltotukku.sahkopyorakeskus.fi\/index.php\/wp-json\/wp\/v2\/pages\/18","targetHints":{"allow":["GET"]}}],"collection":[{"href":"https:\/\/huoltotukku.sahkopyorakeskus.fi\/index.php\/wp-json\/wp\/v2\/pages"}],"about":[{"href":"https:\/\/huoltotukku.sahkopyorakeskus.fi\/index.php\/wp-json\/wp\/v2\/types\/page"}],"author":[{"embeddable":true,"href":"https:\/\/huoltotukku.sahkopyorakeskus.fi\/index.php\/wp-json\/wp\/v2\/users\/1"}],"replies":[{"embeddable":true,"href":"https:\/\/huoltotukku.sahkopyorakeskus.fi\/index.php\/wp-json\/wp\/v2\/comments?post=18"}],"version-history":[{"count":0,"href":"https:\/\/huoltotukku.sahkopyorakeskus.fi\/index.php\/wp-json\/wp\/v2\/pages\/18\/revisions"}],"up":[{"embeddable":true,"href":"https:\/\/huoltotukku.sahkopyorakeskus.fi\/index.php\/wp-json\/wp\/v2\/pages\/17"}],"wp:attachment":[{"href":"https:\/\/huoltotukku.sahkopyorakeskus.fi\/index.php\/wp-json\/wp\/v2\/media?parent=18"}],"curies":[{"name":"wp","href":"https:\/\/api.w.org\/{rel}","templated":true}]}}